{"id":1779,"date":"2018-03-19T05:10:27","date_gmt":"2018-03-19T05:10:27","guid":{"rendered":"http:\/\/www.is-tec.kr\/news\/"},"modified":"2018-09-01T03:22:06","modified_gmt":"2018-09-01T03:22:06","slug":"news","status":"publish","type":"page","link":"https:\/\/www.is-tec.kr\/vi\/news\/","title":{"rendered":"\ub274\uc2a4"},"content":{"rendered":"\t\t<div data-elementor-type=\"wp-post\" data-elementor-id=\"1779\" class=\"elementor elementor-1779 elementor-12 elementor-bc-flex-widget\">\n\t\t\t\t\t\t<div class=\"elementor-inner\">\n\t\t\t\t<div class=\"elementor-section-wrap\">\n\t\t\t\t\t\t\t\t\t<section class=\"elementor-section elementor-top-section elementor-element elementor-element-1a820320 elementor-section-boxed elementor-section-height-default elementor-section-height-default\" data-id=\"1a820320\" data-element_type=\"section\" data-settings=\"{&quot;background_background&quot;:&quot;classic&quot;}\">\n\t\t\t\t\t\t\t<div class=\"elementor-background-overlay\"><\/div>\n\t\t\t\t\t\t\t<div class=\"elementor-container elementor-column-gap-default\">\n\t\t\t\t\t\t\t<div class=\"elementor-row\">\n\t\t\t\t\t<div class=\"elementor-column elementor-col-100 elementor-top-column elementor-element elementor-element-458850a7\" data-id=\"458850a7\" data-element_type=\"column\">\n\t\t\t<div class=\"elementor-column-wrap elementor-element-populated\">\n\t\t\t\t\t\t\t<div class=\"elementor-widget-wrap\">\n\t\t\t\t\t\t<div class=\"has-animation elementor-element elementor-element-46819410 elementor-widget elementor-widget-heading\" data-animation=\"transition.slideUpIn\" data-animation-delay=\"250\" data-animation-duration=\"900\" data-animation-loop=\"\" data-id=\"46819410\" data-element_type=\"widget\" data-widget_type=\"heading.default\">\n\t\t\t\t<div class=\"elementor-widget-container\">\n\t\t\t<h2 class=\"elementor-heading-title elementor-size-default\">NEWS<\/h2>\t\t<\/div>\n\t\t\t\t<\/div>\n\t\t\t\t\t\t<\/div>\n\t\t\t\t\t<\/div>\n\t\t<\/div>\n\t\t\t\t\t\t\t\t<\/div>\n\t\t\t\t\t<\/div>\n\t\t<\/section>\n\t\t\t\t<section class=\"has-animation elementor-section elementor-top-section elementor-element elementor-element-3841c02 news_category elementor-section-boxed elementor-section-height-default elementor-section-height-default\" data-animation=\"transition.slideUpIn\" data-animation-delay=\"500\" data-animation-duration=\"900\" data-animation-loop=\"\" data-id=\"3841c02\" data-element_type=\"section\">\n\t\t\t\t\t\t<div class=\"elementor-container elementor-column-gap-default\">\n\t\t\t\t\t\t\t<div class=\"elementor-row\">\n\t\t\t\t\t<div class=\"elementor-column elementor-col-100 elementor-top-column elementor-element elementor-element-02836cb\" data-id=\"02836cb\" data-element_type=\"column\">\n\t\t\t<div class=\"elementor-column-wrap elementor-element-populated\">\n\t\t\t\t\t\t\t<div class=\"elementor-widget-wrap\">\n\t\t\t\t\t\t<div class=\"has-animation elementor-element elementor-element-814b149 elementor-widget elementor-widget-post-grid\" data-animation=\"transition.slideUpIn\" data-animation-delay=\"\" data-animation-duration=\"900\" data-animation-loop=\"\" data-id=\"814b149\" data-element_type=\"widget\" data-widget_type=\"post-grid.default\">\n\t\t\t\t<div class=\"elementor-widget-container\">\n\t\t\t<div class=\"elementor-grid-wrapper\">\n\n\t<div class=\"contents_menu_box\">\n\n\t\t<div class=\"post-cat\">\n\t\t\t\t<a href=\"\/vi\/wp-json\/wp\/v2\/pages\/1779?category\" class=\"active\">All<\/a>\n\t\t\t\t<a href=\"\/vi\/wp-json\/wp\/v2\/pages\/1779?category=19\" alt=\"View all posts in News\" class=\"\">News<\/a> \t\t<\/div>\n\t<\/div>\n\t\n\n\n\n\n\t\t\t<div class=\"luxe-grid row gap-wide post-style-default\" data-grid_options='[]'>\n\t\t\t\t\t\t\t\t\t\t<!-- <div class=\"grid-item col-md-4 height-1\"><\/div> -->\n\t\t\t\t\t\t\t\t\t\t\t\t\t\t\t\t\t\t\t\t\t\t<div class=\"grid-item col-md-12\" data-animation=\"transition.fadeIn\" data-animation-duration=\"1200\" data-animation-stagger=\"500\">\n\t\t\t\t\t\t\t\t<article class=\"news_main_page\" id=\"post-4367\">\n\t\t<div class=\"row\">\n\t\t\t<div class=\"featured\">\n\t\t\t\t<a href=\"https:\/\/www.is-tec.kr\/vi\/2019\/02\/28\/kc%ec%9d%b8%ec%a6%9dprotect-%ec%a0%95%ec%88%98%ea%b8%b0-%ed%92%88%ec%a7%88%ea%b2%80%ec%82%ac-%ec%84%b1%ec%a0%81%ec%84%9c\/\">\n\t\t\t\t\t<img width=\"1653\" height=\"2338\" src=\"https:\/\/www.is-tec.kr\/wp-content\/uploads\/2019\/04\/\ud504\ub85c\ud14d\ud2b8-kc\uc778\uc99d.jpg\" class=\"attachment-full size-full wp-post-image\" alt=\"\" decoding=\"async\" loading=\"lazy\" srcset=\"https:\/\/www.is-tec.kr\/wp-content\/uploads\/2019\/04\/\ud504\ub85c\ud14d\ud2b8-kc\uc778\uc99d.jpg 1653w, https:\/\/www.is-tec.kr\/wp-content\/uploads\/2019\/04\/\ud504\ub85c\ud14d\ud2b8-kc\uc778\uc99d-212x300.jpg 212w, https:\/\/www.is-tec.kr\/wp-content\/uploads\/2019\/04\/\ud504\ub85c\ud14d\ud2b8-kc\uc778\uc99d-768x1086.jpg 768w, https:\/\/www.is-tec.kr\/wp-content\/uploads\/2019\/04\/\ud504\ub85c\ud14d\ud2b8-kc\uc778\uc99d-724x1024.jpg 724w\" sizes=\"(max-width: 1653px) 100vw, 1653px\" \/>\t\t\t\t<\/a>\n\t\t\t<\/div><!-- .featured -->\n\n\n\t\t\t\t<div class=\"news_text\">\n\t\t\t\t\t<div class=\"news_title\">\n\t\t\t\t\t\t<a class=\"news_link\" href=\"https:\/\/www.is-tec.kr\/vi\/2019\/02\/28\/kc%ec%9d%b8%ec%a6%9dprotect-%ec%a0%95%ec%88%98%ea%b8%b0-%ed%92%88%ec%a7%88%ea%b2%80%ec%82%ac-%ec%84%b1%ec%a0%81%ec%84%9c\/\">\n\t\t\t\t\t\t\t<h3 class=\"h2 entry-title\">Ch\u1ee9ng nh\u1eadn ki\u1ec3m \u0111\u1ecbnh ch\u1ea5t l\u01b0\u1ee3ng KC (B\u1ea3o v\u1ec7)<\/h3>\t\t\t\t\t\t\t<div class=\"media\">\n\t\t\t\t\t\t\t\t\t\t\t\t\t\t\t<\/div>\n\t\t\t\t\t\t<\/a>\n\t\t\t\t\t\t\n\t\t\t\t\t\t<div class=\"categories\">\n\t\t\t\t\t\t\t<a href=\"https:\/\/www.is-tec.kr\/vi\/category\/news-vi\/\" rel=\"category tag\">News<\/a>\t\t\t\t\t\t<\/div>\n\t\t\t\t\t<\/div>\n\t\t\t\t\t<div class=\"post-meta\">\n\t\t\t\t\t\t<span class=\"date\">2019-02-28<\/span>\n\t\t\t\t\t<\/div>\n\t\t\t\t<\/div>\n\n\t\t<\/div>\n\t<\/article><!-- #post-## -->\t\t\t\t\t\t<\/div>\n\t\t\t\t\t\t\t\t\t\t\t\t\t\t\t\t\t<div class=\"grid-item col-md-12\" data-animation=\"transition.fadeIn\" data-animation-duration=\"1200\" data-animation-stagger=\"500\">\n\t\t\t\t\t\t\t\t<article class=\"news_main_page\" id=\"post-4358\">\n\t\t<div class=\"row\">\n\t\t\t<div class=\"featured\">\n\t\t\t\t<a href=\"https:\/\/www.is-tec.kr\/vi\/2019\/01\/09\/%ed%95%9c%ea%b5%ad%eb%ac%b4%ec%97%ad%ed%98%91%ed%9a%8c-%ed%9a%8c%ec%9b%90%ec%a6%9d\/\">\n\t\t\t\t\t<img width=\"2481\" height=\"3509\" src=\"https:\/\/www.is-tec.kr\/wp-content\/uploads\/2019\/04\/\ubb34\uc5ed\ud611\ud68c\ud68c\uc6d0\uc0ac.jpg\" class=\"attachment-full size-full wp-post-image\" alt=\"\" decoding=\"async\" loading=\"lazy\" srcset=\"https:\/\/www.is-tec.kr\/wp-content\/uploads\/2019\/04\/\ubb34\uc5ed\ud611\ud68c\ud68c\uc6d0\uc0ac.jpg 2481w, https:\/\/www.is-tec.kr\/wp-content\/uploads\/2019\/04\/\ubb34\uc5ed\ud611\ud68c\ud68c\uc6d0\uc0ac-212x300.jpg 212w, https:\/\/www.is-tec.kr\/wp-content\/uploads\/2019\/04\/\ubb34\uc5ed\ud611\ud68c\ud68c\uc6d0\uc0ac-768x1086.jpg 768w, https:\/\/www.is-tec.kr\/wp-content\/uploads\/2019\/04\/\ubb34\uc5ed\ud611\ud68c\ud68c\uc6d0\uc0ac-724x1024.jpg 724w\" sizes=\"(max-width: 2481px) 100vw, 2481px\" \/>\t\t\t\t<\/a>\n\t\t\t<\/div><!-- .featured -->\n\n\n\t\t\t\t<div class=\"news_text\">\n\t\t\t\t\t<div class=\"news_title\">\n\t\t\t\t\t\t<a class=\"news_link\" href=\"https:\/\/www.is-tec.kr\/vi\/2019\/01\/09\/%ed%95%9c%ea%b5%ad%eb%ac%b4%ec%97%ad%ed%98%91%ed%9a%8c-%ed%9a%8c%ec%9b%90%ec%a6%9d\/\">\n\t\t\t\t\t\t\t<h3 class=\"h2 entry-title\">Gi\u1ea5y ch\u1ee9ng nh\u1eadn th\u00e0nh vi\u00ean Hi\u1ec7p h\u1ed9i Th\u01b0\u01a1ng m\u1ea1i H\u00e0n Qu\u1ed1c<\/h3>\t\t\t\t\t\t\t<div class=\"media\">\n\t\t\t\t\t\t\t\t\t\t\t\t\t\t\t<\/div>\n\t\t\t\t\t\t<\/a>\n\t\t\t\t\t\t\n\t\t\t\t\t\t<div class=\"categories\">\n\t\t\t\t\t\t\t<a href=\"https:\/\/www.is-tec.kr\/vi\/category\/news-vi\/\" rel=\"category tag\">News<\/a>\t\t\t\t\t\t<\/div>\n\t\t\t\t\t<\/div>\n\t\t\t\t\t<div class=\"post-meta\">\n\t\t\t\t\t\t<span class=\"date\">2019-01-09<\/span>\n\t\t\t\t\t<\/div>\n\t\t\t\t<\/div>\n\n\t\t<\/div>\n\t<\/article><!-- #post-## -->\t\t\t\t\t\t<\/div>\n\t\t\t\t\t\t\t\t\t\t\t\t\t\t\t\t\t<div class=\"grid-item col-md-12\" data-animation=\"transition.fadeIn\" data-animation-duration=\"1200\" data-animation-stagger=\"500\">\n\t\t\t\t\t\t\t\t<article class=\"news_main_page\" id=\"post-4334\">\n\t\t<div class=\"row\">\n\t\t\t<div class=\"featured\">\n\t\t\t\t<a href=\"https:\/\/www.is-tec.kr\/vi\/2018\/10\/24\/%ec%a0%95%ec%88%98%ec%9a%a9-%ed%95%84%ed%84%b0protect-%ed%8a%b9%ed%97%88%eb%93%b1%eb%a1%9d-%ed%8a%b9%ed%97%88%ec%a0%9c10-1913225%ed%98%b8\/\">\n\t\t\t\t\t<img width=\"1654\" height=\"2340\" src=\"https:\/\/www.is-tec.kr\/wp-content\/uploads\/2019\/04\/\ud504\ub85c\ud14d\ud2b8\ud2b9\ud5c8\uc99d.jpg\" class=\"attachment-full size-full wp-post-image\" alt=\"\" decoding=\"async\" loading=\"lazy\" srcset=\"https:\/\/www.is-tec.kr\/wp-content\/uploads\/2019\/04\/\ud504\ub85c\ud14d\ud2b8\ud2b9\ud5c8\uc99d.jpg 1654w, https:\/\/www.is-tec.kr\/wp-content\/uploads\/2019\/04\/\ud504\ub85c\ud14d\ud2b8\ud2b9\ud5c8\uc99d-212x300.jpg 212w, https:\/\/www.is-tec.kr\/wp-content\/uploads\/2019\/04\/\ud504\ub85c\ud14d\ud2b8\ud2b9\ud5c8\uc99d-768x1087.jpg 768w, https:\/\/www.is-tec.kr\/wp-content\/uploads\/2019\/04\/\ud504\ub85c\ud14d\ud2b8\ud2b9\ud5c8\uc99d-724x1024.jpg 724w\" sizes=\"(max-width: 1654px) 100vw, 1654px\" \/>\t\t\t\t<\/a>\n\t\t\t<\/div><!-- .featured -->\n\n\n\t\t\t\t<div class=\"news_text\">\n\t\t\t\t\t<div class=\"news_title\">\n\t\t\t\t\t\t<a class=\"news_link\" href=\"https:\/\/www.is-tec.kr\/vi\/2018\/10\/24\/%ec%a0%95%ec%88%98%ec%9a%a9-%ed%95%84%ed%84%b0protect-%ed%8a%b9%ed%97%88%eb%93%b1%eb%a1%9d-%ed%8a%b9%ed%97%88%ec%a0%9c10-1913225%ed%98%b8\/\">\n\t\t\t\t\t\t\t<h3 class=\"h2 entry-title\">B\u1eb1ng s\u00e1ng ch\u1ebf s\u1ed1 10-1913225 (B\u1eb1ng s\u00e1ng ch\u1ebf b\u1ea3o v\u1ec7 b\u1eb1ng s\u00e1ng ch\u1ebf cho l\u1ecdc n\u01b0\u1edbc)<\/h3>\t\t\t\t\t\t\t<div class=\"media\">\n\t\t\t\t\t\t\t\t\t\t\t\t\t\t\t<\/div>\n\t\t\t\t\t\t<\/a>\n\t\t\t\t\t\t\n\t\t\t\t\t\t<div class=\"categories\">\n\t\t\t\t\t\t\t<a href=\"https:\/\/www.is-tec.kr\/vi\/category\/news-vi\/\" rel=\"category tag\">News<\/a>\t\t\t\t\t\t<\/div>\n\t\t\t\t\t<\/div>\n\t\t\t\t\t<div class=\"post-meta\">\n\t\t\t\t\t\t<span class=\"date\">2018-10-24<\/span>\n\t\t\t\t\t<\/div>\n\t\t\t\t<\/div>\n\n\t\t<\/div>\n\t<\/article><!-- #post-## -->\t\t\t\t\t\t<\/div>\n\t\t\t\t\t\t\t\t\t\t\t\t\t\t\t\t\t<div class=\"grid-item col-md-12\" data-animation=\"transition.fadeIn\" data-animation-duration=\"1200\" data-animation-stagger=\"500\">\n\t\t\t\t\t\t\t\t<article class=\"news_main_page\" id=\"post-4321\">\n\t\t<div class=\"row\">\n\t\t\t<div class=\"featured\">\n\t\t\t\t<a href=\"https:\/\/www.is-tec.kr\/vi\/2018\/05\/17\/truong-hoi-dong-quan-tri-doanh-nghiep-vua-va-nho\/\">\n\t\t\t\t\t<img width=\"2550\" height=\"3509\" src=\"https:\/\/www.is-tec.kr\/wp-content\/uploads\/2019\/04\/\uc911\uae30\uccad-\ud45c\ucc3d\uc7a5.jpg\" class=\"attachment-full size-full wp-post-image\" alt=\"\" decoding=\"async\" loading=\"lazy\" srcset=\"https:\/\/www.is-tec.kr\/wp-content\/uploads\/2019\/04\/\uc911\uae30\uccad-\ud45c\ucc3d\uc7a5.jpg 2550w, https:\/\/www.is-tec.kr\/wp-content\/uploads\/2019\/04\/\uc911\uae30\uccad-\ud45c\ucc3d\uc7a5-218x300.jpg 218w, https:\/\/www.is-tec.kr\/wp-content\/uploads\/2019\/04\/\uc911\uae30\uccad-\ud45c\ucc3d\uc7a5-768x1057.jpg 768w, https:\/\/www.is-tec.kr\/wp-content\/uploads\/2019\/04\/\uc911\uae30\uccad-\ud45c\ucc3d\uc7a5-744x1024.jpg 744w\" sizes=\"(max-width: 2550px) 100vw, 2550px\" \/>\t\t\t\t<\/a>\n\t\t\t<\/div><!-- .featured -->\n\n\n\t\t\t\t<div class=\"news_text\">\n\t\t\t\t\t<div class=\"news_title\">\n\t\t\t\t\t\t<a class=\"news_link\" href=\"https:\/\/www.is-tec.kr\/vi\/2018\/05\/17\/truong-hoi-dong-quan-tri-doanh-nghiep-vua-va-nho\/\">\n\t\t\t\t\t\t\t<h3 class=\"h2 entry-title\">KBIZ Tr\u00edch d\u1eabn qu\u1ea3n tr\u1ecb doanh nghi\u1ec7p v\u1eeba v\u00e0 nh\u1ecf<\/h3>\t\t\t\t\t\t\t<div class=\"media\">\n\t\t\t\t\t\t\t\t\t\t\t\t\t\t\t<\/div>\n\t\t\t\t\t\t<\/a>\n\t\t\t\t\t\t\n\t\t\t\t\t\t<div class=\"categories\">\n\t\t\t\t\t\t\t<a href=\"https:\/\/www.is-tec.kr\/vi\/category\/news-vi\/\" rel=\"category tag\">News<\/a>\t\t\t\t\t\t<\/div>\n\t\t\t\t\t<\/div>\n\t\t\t\t\t<div class=\"post-meta\">\n\t\t\t\t\t\t<span class=\"date\">2018-05-17<\/span>\n\t\t\t\t\t<\/div>\n\t\t\t\t<\/div>\n\n\t\t<\/div>\n\t<\/article><!-- #post-## -->\t\t\t\t\t\t<\/div>\n\t\t\t\t\t\t\t\t\t\t\t\t\t\t\t\t\t<div class=\"grid-item col-md-12\" data-animation=\"transition.fadeIn\" data-animation-duration=\"1200\" data-animation-stagger=\"500\">\n\t\t\t\t\t\t\t\t<article class=\"news_main_page\" id=\"post-4310\">\n\t\t<div class=\"row\">\n\t\t\t<div class=\"featured\">\n\t\t\t\t<a href=\"https:\/\/www.is-tec.kr\/vi\/2018\/04\/24\/2018%eb%85%84-%ea%b8%b0%ec%88%a0%ed%8f%89%ea%b0%80-%ec%9a%b0%ec%88%98%ea%b8%b0%ec%97%85-%ec%9d%b8%ec%a6%9d%ec%84%9c\/\">\n\t\t\t\t\t<img width=\"2481\" height=\"3509\" src=\"https:\/\/www.is-tec.kr\/wp-content\/uploads\/2019\/04\/\uae30\uc220\ud3c9\uac00\uc6b0\uc218\uae30\uc5c5-1.jpg\" class=\"attachment-full size-full wp-post-image\" alt=\"\" decoding=\"async\" loading=\"lazy\" srcset=\"https:\/\/www.is-tec.kr\/wp-content\/uploads\/2019\/04\/\uae30\uc220\ud3c9\uac00\uc6b0\uc218\uae30\uc5c5-1.jpg 2481w, https:\/\/www.is-tec.kr\/wp-content\/uploads\/2019\/04\/\uae30\uc220\ud3c9\uac00\uc6b0\uc218\uae30\uc5c5-1-212x300.jpg 212w, https:\/\/www.is-tec.kr\/wp-content\/uploads\/2019\/04\/\uae30\uc220\ud3c9\uac00\uc6b0\uc218\uae30\uc5c5-1-768x1086.jpg 768w, https:\/\/www.is-tec.kr\/wp-content\/uploads\/2019\/04\/\uae30\uc220\ud3c9\uac00\uc6b0\uc218\uae30\uc5c5-1-724x1024.jpg 724w\" sizes=\"(max-width: 2481px) 100vw, 2481px\" \/>\t\t\t\t<\/a>\n\t\t\t<\/div><!-- .featured -->\n\n\n\t\t\t\t<div class=\"news_text\">\n\t\t\t\t\t<div class=\"news_title\">\n\t\t\t\t\t\t<a class=\"news_link\" href=\"https:\/\/www.is-tec.kr\/vi\/2018\/04\/24\/2018%eb%85%84-%ea%b8%b0%ec%88%a0%ed%8f%89%ea%b0%80-%ec%9a%b0%ec%88%98%ea%b8%b0%ec%97%85-%ec%9d%b8%ec%a6%9d%ec%84%9c\/\">\n\t\t\t\t\t\t\t<h3 class=\"h2 entry-title\">Gi\u1ea5y ch\u1ee9ng nh\u1eadn \u0111\u00e1nh gi\u00e1 c\u00f4ng ngh\u1ec7 xu\u1ea5t s\u1eafc n\u0103m 2018<\/h3>\t\t\t\t\t\t\t<div class=\"media\">\n\t\t\t\t\t\t\t\t\t\t\t\t\t\t\t<\/div>\n\t\t\t\t\t\t<\/a>\n\t\t\t\t\t\t\n\t\t\t\t\t\t<div class=\"categories\">\n\t\t\t\t\t\t\t<a href=\"https:\/\/www.is-tec.kr\/vi\/category\/news-vi\/\" rel=\"category tag\">News<\/a>\t\t\t\t\t\t<\/div>\n\t\t\t\t\t<\/div>\n\t\t\t\t\t<div class=\"post-meta\">\n\t\t\t\t\t\t<span class=\"date\">2018-04-24<\/span>\n\t\t\t\t\t<\/div>\n\t\t\t\t<\/div>\n\n\t\t<\/div>\n\t<\/article><!-- #post-## -->\t\t\t\t\t\t<\/div>\n\t\t\t\t\t\t\t\t\t\t\t\t\t\t\t\t\t<div class=\"grid-item col-md-12\" data-animation=\"transition.fadeIn\" data-animation-duration=\"1200\" data-animation-stagger=\"500\">\n\t\t\t\t\t\t\t\t<article class=\"news_main_page\" id=\"post-4297\">\n\t\t<div class=\"row\">\n\t\t\t<div class=\"featured\">\n\t\t\t\t<a href=\"https:\/\/www.is-tec.kr\/vi\/2018\/04\/17\/%ec%a0%95%ec%88%98%ea%b8%b0%ec%9a%a9-%ed%95%84%ed%84%b0protect-%eb%94%94%ec%9e%90%ec%9d%b8-%eb%93%b1%eb%a1%9d%ec%a6%9d-%ec%a0%9c30-0953752%ed%98%b8\/\">\n\t\t\t\t\t<img width=\"1654\" height=\"2340\" src=\"https:\/\/www.is-tec.kr\/wp-content\/uploads\/2019\/04\/\ud504\ub85c\ud14d\ud2b8\ub514\uc790\uc778\ub4f1\ub85d\ud544\ud130.jpg\" class=\"attachment-full size-full wp-post-image\" alt=\"\" decoding=\"async\" loading=\"lazy\" srcset=\"https:\/\/www.is-tec.kr\/wp-content\/uploads\/2019\/04\/\ud504\ub85c\ud14d\ud2b8\ub514\uc790\uc778\ub4f1\ub85d\ud544\ud130.jpg 1654w, https:\/\/www.is-tec.kr\/wp-content\/uploads\/2019\/04\/\ud504\ub85c\ud14d\ud2b8\ub514\uc790\uc778\ub4f1\ub85d\ud544\ud130-212x300.jpg 212w, https:\/\/www.is-tec.kr\/wp-content\/uploads\/2019\/04\/\ud504\ub85c\ud14d\ud2b8\ub514\uc790\uc778\ub4f1\ub85d\ud544\ud130-768x1087.jpg 768w, https:\/\/www.is-tec.kr\/wp-content\/uploads\/2019\/04\/\ud504\ub85c\ud14d\ud2b8\ub514\uc790\uc778\ub4f1\ub85d\ud544\ud130-724x1024.jpg 724w\" sizes=\"(max-width: 1654px) 100vw, 1654px\" \/>\t\t\t\t<\/a>\n\t\t\t<\/div><!-- .featured -->\n\n\n\t\t\t\t<div class=\"news_text\">\n\t\t\t\t\t<div class=\"news_title\">\n\t\t\t\t\t\t<a class=\"news_link\" href=\"https:\/\/www.is-tec.kr\/vi\/2018\/04\/17\/%ec%a0%95%ec%88%98%ea%b8%b0%ec%9a%a9-%ed%95%84%ed%84%b0protect-%eb%94%94%ec%9e%90%ec%9d%b8-%eb%93%b1%eb%a1%9d%ec%a6%9d-%ec%a0%9c30-0953752%ed%98%b8\/\">\n\t\t\t\t\t\t\t<h3 class=\"h2 entry-title\">B\u1ed9 l\u1ecdc b\u1ea3o v\u1ec7 ch\u1ee9ng ch\u1ec9 thi\u1ebft k\u1ebf s\u1ed1 30-0953752 cho m\u00e1y l\u1ecdc n\u01b0\u1edbc<\/h3>\t\t\t\t\t\t\t<div class=\"media\">\n\t\t\t\t\t\t\t\t\t\t\t\t\t\t\t<\/div>\n\t\t\t\t\t\t<\/a>\n\t\t\t\t\t\t\n\t\t\t\t\t\t<div class=\"categories\">\n\t\t\t\t\t\t\t<a href=\"https:\/\/www.is-tec.kr\/vi\/category\/news-vi\/\" rel=\"category tag\">News<\/a>\t\t\t\t\t\t<\/div>\n\t\t\t\t\t<\/div>\n\t\t\t\t\t<div class=\"post-meta\">\n\t\t\t\t\t\t<span class=\"date\">2018-04-17<\/span>\n\t\t\t\t\t<\/div>\n\t\t\t\t<\/div>\n\n\t\t<\/div>\n\t<\/article><!-- #post-## -->\t\t\t\t\t\t<\/div>\n\t\t\t\t\t\t\t\t<\/div>\n\n\t\t\t\n\t\t    <div class=\"pagination\">\n\t\t    \t<span aria-current=\"page\" class=\"page-numbers current\">1<\/span>\n<a class=\"page-numbers\" href=\"https:\/\/www.is-tec.kr\/vi\/wp-json\/wp\/v2\/pages\/1779\/page\/2\/\">2<\/a>\n<a class=\"page-numbers\" href=\"https:\/\/www.is-tec.kr\/vi\/wp-json\/wp\/v2\/pages\/1779\/page\/3\/\">3<\/a>\n<span class=\"page-numbers dots\">&hellip;<\/span>\n<a class=\"page-numbers\" href=\"https:\/\/www.is-tec.kr\/vi\/wp-json\/wp\/v2\/pages\/1779\/page\/5\/\">5<\/a>\n<a class=\"next page-numbers\" href=\"https:\/\/www.is-tec.kr\/vi\/wp-json\/wp\/v2\/pages\/1779\/page\/2\/\"><span class=\"icon icon-chevron-right\"><\/span><\/a>\t\t    <\/div>\n\t\t    \n\t\t<\/div>\n\t\t\n\n\t\t\t\t<\/div>\n\t\t\t\t<\/div>\n\t\t\t\t\t\t<\/div>\n\t\t\t\t\t<\/div>\n\t\t<\/div>\n\t\t\t\t\t\t\t\t<\/div>\n\t\t\t\t\t<\/div>\n\t\t<\/section>\n\t\t\t\t\t\t\t\t\t<\/div>\n\t\t\t<\/div>\n\t\t\t\t\t<\/div>\n\t\t","protected":false},"excerpt":{"rendered":"<p>NEWS All News Paten Paten No. 10-1776256 untuk pemurni air integral tipe air langsung News 2017-09-01 Filed untuk desain filter&#8230;<\/p>\n","protected":false},"author":1,"featured_media":0,"parent":0,"menu_order":4,"comment_status":"closed","ping_status":"closed","template":"","meta":{"_seopress_robots_primary_cat":""},"_links":{"self":[{"href":"https:\/\/www.is-tec.kr\/vi\/wp-json\/wp\/v2\/pages\/1779"}],"collection":[{"href":"https:\/\/www.is-tec.kr\/vi\/wp-json\/wp\/v2\/pages"}],"about":[{"href":"https:\/\/www.is-tec.kr\/vi\/wp-json\/wp\/v2\/types\/page"}],"author":[{"embeddable":true,"href":"https:\/\/www.is-tec.kr\/vi\/wp-json\/wp\/v2\/users\/1"}],"replies":[{"embeddable":true,"href":"https:\/\/www.is-tec.kr\/vi\/wp-json\/wp\/v2\/comments?post=1779"}],"version-history":[{"count":3,"href":"https:\/\/www.is-tec.kr\/vi\/wp-json\/wp\/v2\/pages\/1779\/revisions"}],"predecessor-version":[{"id":3872,"href":"https:\/\/www.is-tec.kr\/vi\/wp-json\/wp\/v2\/pages\/1779\/revisions\/3872"}],"wp:attachment":[{"href":"https:\/\/www.is-tec.kr\/vi\/wp-json\/wp\/v2\/media?parent=1779"}],"curies":[{"name":"wp","href":"https:\/\/api.w.org\/{rel}","templated":true}]}}