{"id":1767,"date":"2018-03-29T14:05:36","date_gmt":"2018-03-29T14:05:36","guid":{"rendered":"http:\/\/www.is-tec.kr\/history\/"},"modified":"2018-06-28T06:48:08","modified_gmt":"2018-06-28T06:48:08","slug":"history","status":"publish","type":"page","link":"https:\/\/www.is-tec.kr\/vi\/history\/","title":{"rendered":"\ud68c\uc0ac\uc5f0\ud601"},"content":{"rendered":"\t\t<div data-elementor-type=\"wp-post\" data-elementor-id=\"1767\" class=\"elementor elementor-1767 elementor-803 elementor-bc-flex-widget\">\n\t\t\t\t\t\t<div class=\"elementor-inner\">\n\t\t\t\t<div class=\"elementor-section-wrap\">\n\t\t\t\t\t\t\t\t\t<section class=\"elementor-section elementor-top-section elementor-element elementor-element-4c75751a section fp-auto-height elementor-section-boxed elementor-section-height-default elementor-section-height-default\" data-id=\"4c75751a\" data-element_type=\"section\" data-settings=\"{&quot;background_background&quot;:&quot;classic&quot;}\">\n\t\t\t\t\t\t\t<div class=\"elementor-background-overlay\"><\/div>\n\t\t\t\t\t\t\t<div class=\"elementor-container elementor-column-gap-default\">\n\t\t\t\t\t\t\t<div class=\"elementor-row\">\n\t\t\t\t\t<div class=\"elementor-column elementor-col-100 elementor-top-column elementor-element elementor-element-2c39dde4\" data-id=\"2c39dde4\" data-element_type=\"column\">\n\t\t\t<div class=\"elementor-column-wrap elementor-element-populated\">\n\t\t\t\t\t\t\t<div class=\"elementor-widget-wrap\">\n\t\t\t\t\t\t<div class=\"elementor-element elementor-element-18871129 elementor-widget elementor-widget-heading\" data-id=\"18871129\" data-element_type=\"widget\" data-widget_type=\"heading.default\">\n\t\t\t\t<div class=\"elementor-widget-container\">\n\t\t\t<h2 class=\"elementor-heading-title elementor-size-default\">L\u1ecbch s\u1eed c\u00f4ng ty<\/h2>\t\t<\/div>\n\t\t\t\t<\/div>\n\t\t\t\t<div class=\"elementor-element elementor-element-446f0b36 elementor-widget-divider--view-line elementor-widget elementor-widget-divider\" data-id=\"446f0b36\" data-element_type=\"widget\" data-widget_type=\"divider.default\">\n\t\t\t\t<div class=\"elementor-widget-container\">\n\t\t\t\t\t<div class=\"elementor-divider\">\n\t\t\t<span class=\"elementor-divider-separator\">\n\t\t\t\t\t\t<\/span>\n\t\t<\/div>\n\t\t\t\t<\/div>\n\t\t\t\t<\/div>\n\t\t\t\t<div class=\"elementor-element elementor-element-7c660d14 elementor-widget elementor-widget-spacer\" data-id=\"7c660d14\" data-element_type=\"widget\" data-widget_type=\"spacer.default\">\n\t\t\t\t<div class=\"elementor-widget-container\">\n\t\t\t\t\t<div class=\"elementor-spacer\">\n\t\t\t<div class=\"elementor-spacer-inner\"><\/div>\n\t\t<\/div>\n\t\t\t\t<\/div>\n\t\t\t\t<\/div>\n\t\t\t\t<div class=\"elementor-element elementor-element-63b89267 section fp-auto-height elementor-widget elementor-widget-html\" data-id=\"63b89267\" data-element_type=\"widget\" id=\"roadmap\" data-widget_type=\"html.default\">\n\t\t\t\t<div class=\"elementor-widget-container\">\n\t\t\t<div class=\"roadmap_wrapper\">\n\n\n  <div class=\"roadmap_row\">\n<div class=\"roadmap_head\">\n  <div class=\"roadmap_year\"><\/div>\n<\/div>\n\n\n  <div class=\"roadmap_row current\">\n<div class=\"roadmap_head\">\n  <div class=\"roadmap_year\">2017.<\/div>\n  \n<\/div>\n<ul class=\"roadmap_txt lang\" ln=\"roadmap1_t\">\n  <li>09. 01. B\u1eb1ng s\u00e1ng ch\u1ebf \u0111\u01b0\u1ee3c c\u1ea5p b\u1eb1ng s\u00e1ng ch\u1ebf s\u1ed1 10-1776256 cho m\u00e1y l\u1ecdc n\u01b0\u1edbc kh\u00f4ng th\u1ec3 thi\u1ebfu tr\u1ef1c ti\u1ebfp<\/li>\n  <li>08. 29. N\u1ed9p h\u1ed3 s\u01a1 thi\u1ebft k\u1ebf l\u1ecdc n\u01b0\u1edbc 30-2017-0040277<\/li>\n  <li>08. 28. Ch\u1ee9ng nh\u1eadn c\u00f4ng ty li\u00ean doanh th\u1ee9 3<\/li>\n  <li>08. 02. \u1ee8ng d\u1ee5ng b\u1eb1ng s\u00e1ng ch\u1ebf cho b\u1ed9 l\u1ecdc n\u01b0\u1edbc 10-2017-0098065<\/li>\n<\/ul>\n<\/div>\n\n<div class=\"roadmap_row\">\n<div class=\"roadmap_head\">\n  <div class=\"roadmap_year\">2016.<\/div>\n  \n<\/div>\n<ul class=\"roadmap_txt lang\" ln=\"roadmap5_t\">\n  <li>11. 03. \u1ee8ng d\u1ee5ng b\u1eb1ng s\u00e1ng ch\u1ebf cho m\u00e1y l\u1ecdc n\u01b0\u1edbc lo\u1ea1i tr\u1ef1c ti\u1ebfp 10-2016-0145987<\/li>\n  <li>04. 01. \u0110\u01b0\u1ee3c ch\u1ee9ng nh\u1eadn l\u00e0 c\u00f4ng ty gia \u0111\u00ecnh c\u1ee7a \u0110\u1ea1i h\u1ecdc Ajou<\/li>\n  <li>02. 25. \u0110\u01b0\u1ee3c c\u1ea5p ch\u1ee9ng ch\u1ec9 t\u1eeb Qu\u1ea3n tr\u1ecb doanh nghi\u1ec7p v\u1eeba v\u00e0 nh\u1ecf<\/li>\n<\/ul>\n<\/div>\n\n<div class=\"roadmap_row\">\n<div class=\"roadmap_head\">\n  <div class=\"roadmap_year\">2015.<\/div>\n  \n<\/div>\n<ul class=\"roadmap_txt lang\" ln=\"roadmap9_t\">\n  <li>08. 28. C\u00f4ng ty li\u00ean doanh ch\u1ee9ng nh\u1eadn l\u1ea7n 2<\/li>\n  <li>04. 28. Chuy\u1ec3n v\u0103n ph\u00f2ng t\u1eeb Suwon, Gyeonggi-do sang Hwaseong<\/li>\n  <li>04. 25. Ho\u00e0n th\u00e0nh t\u00f2a nh\u00e0 m\u1edbi<\/li>\n  <li>01. 05. L\u1ec5 kh\u00e1nh th\u00e0nh t\u00f2a nh\u00e0 m\u1edbi<\/li>\n<\/ul> \n<\/div>\n\n<div class=\"roadmap_row\">\n<div class=\"roadmap_head\">\n  <div class=\"roadmap_year\">2014.<\/div>\n  \n<\/div>\n<ul class=\"roadmap_txt lang\" ln=\"roadmap9_t\">\n  <li>04. 22. Mua l\u1ea1i c\u00f4ng ty t\u00e1i \u0111\u1ecbnh c\u01b0 t\u1ea1i Hwaseong, Gyeonggi-do<\/li>\n<\/ul> \n<\/div>\n\n<div class=\"roadmap_row\">\n<div class=\"roadmap_head\">\n  <div class=\"roadmap_year\">2013.<\/div>\n  \n<\/div>\n<ul class=\"roadmap_txt lang\" ln=\"roadmap9_t\">\n  <li>08. 08. Li\u00ean doanh c\u00f4ng ty 1st ch\u1ee9ng nh\u1eadn<\/li>\n  <li>07. 20. Tham gia h\u1ee3p t\u00e1c x\u00e3 c\u00f4ng nghi\u1ec7p l\u1ecdc n\u01b0\u1edbc H\u00e0n Qu\u1ed1c<\/li>\n  <li>07. 12. Ti\u1ec7n \u00edch m\u1edf r\u1ed9ng d\u00f2ng b\u00e1n t\u1ef1 \u0111\u1ed9ng<\/li>\n<\/ul> \n<\/div>\n\n<div class=\"roadmap_row\">\n<div class=\"roadmap_head\">\n  <div class=\"roadmap_year\">2011.<\/div>\n  \n<\/div>\n<ul class=\"roadmap_txt lang\" ln=\"roadmap9_t\">\n  <li>05. 18. \u0110\u1ed5i t\u00ean c\u00f4ng ty t\u1eeb Woosung Water Tech Co., Ltd. th\u00e0nh Aestec Co., Ltd.<\/li>\n<\/ul> \n<\/div>\n\n<div class=\"roadmap_row\">\n<div class=\"roadmap_head\">\n  <div class=\"roadmap_year\">2010.<\/div>\n  \n<\/div>\n<ul class=\"roadmap_txt lang\" ln=\"roadmap9_t\">\n  <li>12. 05. Ch\u1ee9ng nh\u1eadn ISO9001 v\u00e0 ISO14001<\/li>\n  <li>12. 02. \u0110\u00e3 th\u00e0nh l\u1eadp d\u00e2y chuy\u1ec1n l\u1eafp r\u00e1p b\u1ed9 l\u1ecdc t\u1ef1 \u0111\u1ed9ng h\u00f3a<\/li>\n  <li>10. 01. Th\u00e0nh l\u1eadp C\u00f4ng ty TNHH Woosung Water Tech<\/li>\n<\/ul> \n<\/div>\n\n<\/div>\t\t<\/div>\n\t\t\t\t<\/div>\n\t\t\t\t\t\t<\/div>\n\t\t\t\t\t<\/div>\n\t\t<\/div>\n\t\t\t\t\t\t\t\t<\/div>\n\t\t\t\t\t<\/div>\n\t\t<\/section>\n\t\t\t\t\t\t\t\t\t<\/div>\n\t\t\t<\/div>\n\t\t\t\t\t<\/div>\n\t\t","protected":false},"excerpt":{"rendered":"<p>L\u1ecbch s\u1eed c\u00f4ng ty 2017. 09. 01. B\u1eb1ng s\u00e1ng ch\u1ebf \u0111\u01b0\u1ee3c c\u1ea5p b\u1eb1ng s\u00e1ng ch\u1ebf s\u1ed1 10-1776256 cho m\u00e1y l\u1ecdc&#8230;<\/p>\n","protected":false},"author":1,"featured_media":0,"parent":0,"menu_order":0,"comment_status":"closed","ping_status":"closed","template":"","meta":{"_seopress_robots_primary_cat":""},"_links":{"self":[{"href":"https:\/\/www.is-tec.kr\/vi\/wp-json\/wp\/v2\/pages\/1767"}],"collection":[{"href":"https:\/\/www.is-tec.kr\/vi\/wp-json\/wp\/v2\/pages"}],"about":[{"href":"https:\/\/www.is-tec.kr\/vi\/wp-json\/wp\/v2\/types\/page"}],"author":[{"embeddable":true,"href":"https:\/\/www.is-tec.kr\/vi\/wp-json\/wp\/v2\/users\/1"}],"replies":[{"embeddable":true,"href":"https:\/\/www.is-tec.kr\/vi\/wp-json\/wp\/v2\/comments?post=1767"}],"version-history":[{"count":2,"href":"https:\/\/www.is-tec.kr\/vi\/wp-json\/wp\/v2\/pages\/1767\/revisions"}],"predecessor-version":[{"id":1825,"href":"https:\/\/www.is-tec.kr\/vi\/wp-json\/wp\/v2\/pages\/1767\/revisions\/1825"}],"wp:attachment":[{"href":"https:\/\/www.is-tec.kr\/vi\/wp-json\/wp\/v2\/media?parent=1767"}],"curies":[{"name":"wp","href":"https:\/\/api.w.org\/{rel}","templated":true}]}}